{"id":143,"date":"2025-06-07T14:13:59","date_gmt":"2025-06-07T14:13:59","guid":{"rendered":"https:\/\/www.amisdesaintange.com\/?page_id=143"},"modified":"2026-02-16T13:52:47","modified_gmt":"2026-02-16T13:52:47","slug":"accueil","status":"publish","type":"page","link":"https:\/\/www.amisdesaintange.com\/","title":{"rendered":"Accueil"},"content":{"rendered":"\t\t<div data-elementor-type=\"wp-page\" data-elementor-id=\"143\" class=\"elementor elementor-143\">\n\t\t\t\t<div class=\"elementor-element elementor-element-7b5ee54 e-con-full e-flex e-con e-parent\" data-id=\"7b5ee54\" data-element_type=\"container\">\n\t\t\t\t<div class=\"elementor-element elementor-element-4804971 elementor-widget elementor-widget-text-editor\" data-id=\"4804971\" data-element_type=\"widget\" data-widget_type=\"text-editor.default\">\n\t\t\t\t<div class=\"elementor-widget-container\">\n\t\t\t\t\t\t\t\t\t<h1><u>Ediito du 13 f\u00e9vrier 2026<\/u><\/h1>\n<h2>&nbsp;<\/h2>\n<h2 data-elementor-setting-key=\"title\" data-pen-placeholder=\"\u00c9crivez ici...\"><em style=\"font-weight: normal;\">Tr\u00e8s chers amis de Saint Ange,&nbsp;<\/em><\/h2>\n<h2 data-elementor-setting-key=\"title\" data-pen-placeholder=\"\u00c9crivez ici...\"><em style=\"font-weight: normal;\">&nbsp;<\/em><\/h2>\n<h2 data-elementor-setting-key=\"title\" data-pen-placeholder=\"\u00c9crivez ici...\"><em style=\"font-weight: normal;\">Le site continue de faire peau neuve.&nbsp;<\/em><\/h2>\n<h2 data-elementor-setting-key=\"title\" data-pen-placeholder=\"\u00c9crivez ici...\"><em style=\"font-weight: normal;\">Plusieurs articles ont \u00e9t\u00e9 r\u00e9cemment corrig\u00e9s apr\u00e8s avoir souffert de la transition d\u2019h\u00e9bergement.<\/em><\/h2>\n<h2><span style=\"font-weight: normal;\">&nbsp;<\/span><\/h2>\n<h2><span style=\"font-weight: normal;\"><em>La page consacr\u00e9e \u00e0 la&nbsp;<\/em><\/span><a href=\"https:\/\/www.amisdesaintange.com\/?p=336\" target=\"_blank\" rel=\"noopener\">famille Caumartin<\/a><span style=\"font-weight: normal;\"><em>&nbsp;a \u00e9t\u00e9 enti\u00e8rement reprise ;&nbsp;<\/em><\/span><em style=\"font-size: 14px; font-weight: normal;\">Elle sera prochainement compl\u00e9t\u00e9e par un article d\u00e9di\u00e9 \u00e0 leur c\u00e9l\u00e8bre biblioth\u00e8que ainsi que par des fiches pr\u00e9sentant les membres ayant v\u00e9cu \u00e0 Saint Ange.<\/em><\/h2>\n<div><em style=\"font-size: 14px; font-weight: normal;\">&nbsp;<\/em><\/div>\n<h2><span style=\"font-weight: normal;\"><em>Ensuite, pour ceux qui n&rsquo;ont pu en profiter, nous vous mettons \u00e0 disposition les photos de Saint Ange sous la neige de cet hiver.&nbsp;<\/em><\/span><em style=\"font-size: 14px; font-weight: normal;\">Photos disponibles dans la&nbsp;<\/em><a href=\"https:\/\/www.amisdesaintange.com\/?page_id=163\" target=\"_blank\">galerie<\/a><em style=\"font-size: 14px; font-weight: normal;\">.<\/em><\/h2>\n<h2><span style=\"font-weight: normal;\"><br><em>Enfin, petit cadeau de 2026 :&nbsp;<span style=\"color: rgba(1, 3, 3, 0.98);\">Des tentatives de reproduction de Saint Ange au travers de l&rsquo;IA.&nbsp;<\/span><\/em><\/span><span style=\"font-size: 14px; font-weight: normal;\"><em><span style=\"color: rgba(1, 3, 3, 0.98);\">Gr\u00e2ce \u00e0 ces outils et \u00e0 la qualit\u00e9 des documents en notre possession, nous nous essayons \u00e0 r\u00e9imaginer ce \u00e0 quoi Saint Ange aurait pu ressembler aujourd\u2019hui. un premier&nbsp;<\/span><\/em><\/span><a href=\"https:\/\/www.amisdesaintange.com\/?p=575\" target=\"_blank\" rel=\"noopener\" style=\"font-size: 14px; font-weight: 400;\">Article ICI&nbsp;<\/a><span style=\"font-size: 14px; font-weight: normal;\"><em><span style=\"color: rgba(1, 3, 3, 0.98);\">et les photos ont \u00e9t\u00e9 rajout\u00e9es dans la&nbsp;<\/span><\/em><\/span><a href=\"https:\/\/www.amisdesaintange.com\/?page_id=163\" target=\"_blank\" rel=\"noopener\" style=\"font-size: 14px; font-weight: 400;\">galerie<\/a>.<\/h2>\n<h2><em><a style=\"font-weight: normal;\" href=\"https:\/\/www.amisdesaintange.com\/?p=575\">&nbsp;<\/a><\/em><\/h2>\n<h2 data-elementor-setting-key=\"title\" data-pen-placeholder=\"\u00c9crivez ici...\"><em><span style=\"color: rgba(1, 3, 3, 0.98); font-weight: normal;\">J\u2019esp\u00e8re que vous serez aussi enthousiastes que nous \u00e0 la d\u00e9couverte de ces premiers r\u00e9sultats.<\/span><\/em><\/h2>\n<h2 data-elementor-setting-key=\"title\" data-pen-placeholder=\"\u00c9crivez ici...\"><em><span style=\"color: rgba(1, 3, 3, 0.98); font-weight: normal;\">En vous souhaitant une bonne lecture,<\/span><\/em><\/h2>\n<h2>&nbsp;<\/h2>\n<h2><em style=\"font-weight: normal;\">Pierre de Roys<\/em><\/h2>\t\t\t\t\t\t\t\t<\/div>\n\t\t\t\t<\/div>\n\t\t\t\t<\/div>\n\t\t<div class=\"elementor-element elementor-element-e059cee e-flex e-con-boxed e-con e-parent\" data-id=\"e059cee\" data-element_type=\"container\">\n\t\t\t\t\t<div class=\"e-con-inner\">\n\t\t<div class=\"elementor-element elementor-element-716baff e-grid e-con-full e-con e-child\" data-id=\"716baff\" data-element_type=\"container\">\n\t\t\t\t<div class=\"elementor-element elementor-element-83200f1 elementor-widget elementor-widget-text-editor\" data-id=\"83200f1\" data-element_type=\"widget\" data-widget_type=\"text-editor.default\">\n\t\t\t\t<div class=\"elementor-widget-container\">\n\t\t\t\t\t\t\t\t\t<p style=\"font-size: 14px;\" data-start=\"201\" data-end=\"488\"><b><u>Edito du 09 juin 2025,<\/u><\/b><\/p><h1 class=\"elementor-heading-title elementor-size-default elementor-inline-editing pen\" style=\"font-size: 14px; color: #6ec1e4;\" data-elementor-setting-key=\"title\" data-pen-placeholder=\"\u00c9crivez ici...\">\u00a0<\/h1><p style=\"font-size: 14px;\" data-start=\"201\" data-end=\"488\">Chers amis de Saint Ange,<\/p><h1 class=\"elementor-heading-title elementor-size-default elementor-inline-editing pen\" style=\"font-size: 14px; color: #6ec1e4;\" data-elementor-setting-key=\"title\" data-pen-placeholder=\"\u00c9crivez ici...\">\u00a0<\/h1><p style=\"font-size: 14px;\" data-start=\"221\" data-end=\"280\"><span style=\"font-size: 14px;\" data-start=\"233\" data-end=\"280\">Et bienvenue !<\/span><\/p><p style=\"font-size: 14px;\" data-start=\"282\" data-end=\"492\">Comme vous l&rsquo;avez remarqu\u00e9, nous avons du faire peau neuve !<\/p><h1 class=\"elementor-heading-title elementor-size-default elementor-inline-editing pen\" style=\"font-size: 14px; color: #6ec1e4;\" data-elementor-setting-key=\"title\" data-pen-placeholder=\"\u00c9crivez ici...\">\u00a0<\/h1><p style=\"font-size: 14px;\" data-start=\"282\" data-end=\"492\">Ce nouveau site se veut le prolongement naturel du pr\u00e9c\u00e9dent : un lieu d\u2019\u00e9change, de transmission et de d\u00e9couverte autour du domaine de Saint Ange et de sa r\u00e9gion, ainsi de tout ceux qui l\u2019ont fa\u00e7onn\u00e9 au fil des si\u00e8cles.<\/p><p style=\"font-size: 14px;\" data-start=\"494\" data-end=\"860\">Notre objectif demeure inchang\u00e9 : partager avec vous nos recherches sur ch\u00e2teau, le domaine, la r\u00e9gion et les histoires des familles qui ont v\u00e9cues \u00e0 Saint Ange mais cette fois <span style=\"font-size: 14px;\">dans un environnement repens\u00e9 pour mieux accueillir vos commentaires et contributions.<\/span><\/p><p style=\"font-size: 14px;\" data-start=\"494\" data-end=\"860\"><span style=\"font-size: 14px;\">\u00a0<\/span><\/p><p style=\"font-size: 14px;\" data-start=\"494\" data-end=\"860\">Nous organiserons des visites cette ann\u00e9e du ch\u00e2teau le dimanche 6 juillet dans le cadre des journ\u00e9es Portes Ouvertes Grinn, et bien s\u00fbr, comme chaque ann\u00e9e, pour les journ\u00e9es du patrimoine les 20 et 21 septembre 2025 !!!\u00a0<\/p><p style=\"font-size: 14px;\" data-start=\"494\" data-end=\"860\">\u00a0<\/p><p style=\"font-size: 14px;\" data-start=\"494\" data-end=\"860\">Vous y trouverez les m\u00eames articles que sur le site pr\u00e9c\u00e8dent mais vous y verrez de nouvelles pages et articles dans les prochains mois \u00e0 venir !<\/p><h1 class=\"elementor-heading-title elementor-size-default elementor-inline-editing pen\" style=\"font-size: 14px; color: #6ec1e4;\" data-elementor-setting-key=\"title\" data-pen-placeholder=\"\u00c9crivez ici...\">\u00a0<\/h1><p style=\"font-size: 14px;\" data-start=\"494\" data-end=\"860\">En sous souhaitant une agr\u00e9able visite sur ce nouveau site,<\/p><h1 class=\"elementor-heading-title elementor-size-default elementor-inline-editing pen\" style=\"font-size: 14px; color: #6ec1e4;\" data-elementor-setting-key=\"title\" data-pen-placeholder=\"\u00c9crivez ici...\">\u00a0<\/h1><p style=\"font-size: 14px;\" data-start=\"494\" data-end=\"860\">Pierre, le r\u00e9dacteur.<\/p>\t\t\t\t\t\t\t\t<\/div>\n\t\t\t\t<\/div>\n\t\t\t\t<div class=\"elementor-element elementor-element-2f0e257 elementor-widget elementor-widget-image\" data-id=\"2f0e257\" data-element_type=\"widget\" data-widget_type=\"image.default\">\n\t\t\t\t<div class=\"elementor-widget-container\">\n\t\t\t\t\t\t\t\t\t\t\t\t\t\t\t<img fetchpriority=\"high\" decoding=\"async\" width=\"625\" height=\"469\" src=\"https:\/\/www.amisdesaintange.com\/wp-content\/uploads\/2025\/06\/20230708_180714-1-1024x768.jpg\" class=\"attachment-large size-large wp-image-186\" alt=\"\" srcset=\"https:\/\/www.amisdesaintange.com\/wp-content\/uploads\/2025\/06\/20230708_180714-1-1024x768.jpg 1024w, https:\/\/www.amisdesaintange.com\/wp-content\/uploads\/2025\/06\/20230708_180714-1-300x225.jpg 300w, https:\/\/www.amisdesaintange.com\/wp-content\/uploads\/2025\/06\/20230708_180714-1-768x576.jpg 768w, https:\/\/www.amisdesaintange.com\/wp-content\/uploads\/2025\/06\/20230708_180714-1-1536x1152.jpg 1536w, https:\/\/www.amisdesaintange.com\/wp-content\/uploads\/2025\/06\/20230708_180714-1-2048x1536.jpg 2048w, https:\/\/www.amisdesaintange.com\/wp-content\/uploads\/2025\/06\/20230708_180714-1-624x468.jpg 624w\" sizes=\"(max-width: 625px) 100vw, 625px\" \/>\t\t\t\t\t\t\t\t\t\t\t\t\t\t\t<\/div>\n\t\t\t\t<\/div>\n\t\t\t\t<\/div>\n\t\t\t\t\t<\/div>\n\t\t\t\t<\/div>\n\t\t<div class=\"elementor-element elementor-element-1021d28 e-flex e-con-boxed e-con e-parent\" data-id=\"1021d28\" data-element_type=\"container\">\n\t\t\t\t\t<div class=\"e-con-inner\">\n\t\t\t\t\t<\/div>\n\t\t\t\t<\/div>\n\t\t<div class=\"elementor-element elementor-element-a9710c1 e-grid e-con-full e-con e-parent\" data-id=\"a9710c1\" data-element_type=\"container\">\n\t\t\t\t<div class=\"elementor-element elementor-element-c6c7c23 elementor-widget elementor-widget-image\" data-id=\"c6c7c23\" data-element_type=\"widget\" data-widget_type=\"image.default\">\n\t\t\t\t<div class=\"elementor-widget-container\">\n\t\t\t\t\t\t\t\t\t\t\t\t\t\t\t<img decoding=\"async\" width=\"625\" height=\"455\" src=\"https:\/\/www.amisdesaintange.com\/wp-content\/uploads\/2025\/06\/Aquarelle-1703-1024x746.jpg\" class=\"attachment-large size-large wp-image-10\" alt=\"Aquarelle 1703\" srcset=\"https:\/\/www.amisdesaintange.com\/wp-content\/uploads\/2025\/06\/Aquarelle-1703-1024x746.jpg 1024w, https:\/\/www.amisdesaintange.com\/wp-content\/uploads\/2025\/06\/Aquarelle-1703-300x219.jpg 300w, https:\/\/www.amisdesaintange.com\/wp-content\/uploads\/2025\/06\/Aquarelle-1703-768x559.jpg 768w, https:\/\/www.amisdesaintange.com\/wp-content\/uploads\/2025\/06\/Aquarelle-1703.jpg 1340w\" sizes=\"(max-width: 625px) 100vw, 625px\" \/>\t\t\t\t\t\t\t\t\t\t\t\t\t\t\t<\/div>\n\t\t\t\t<\/div>\n\t\t\t\t<div class=\"elementor-element elementor-element-2c0c926 elementor-widget elementor-widget-text-editor\" data-id=\"2c0c926\" data-element_type=\"widget\" data-widget_type=\"text-editor.default\">\n\t\t\t\t<div class=\"elementor-widget-container\">\n\t\t\t\t\t\t\t\t\t<p>Le ch\u00e2teau de Saint Ange de Villecerf a \u00e9t\u00e9 construit \u00e0 partir&nbsp;de 1543, par Anne de Pisseleu, duchesse d&rsquo;Etampes.<\/p><p><br><\/p>\n<p><\/p>\n<p>Autrefois il fut appel\u00e9 Ch\u00e2teauneuf de Challeau car acquis sur une emprise du fief de Beaumont-les-Challeau par Fran\u00e7ois Ier, 10 ans plus t\u00f4t \u00e0 la famille Le Groing, alors seigneurs de Challeau.<\/p><p><br><\/p>\n<p><\/p>\n<p>Cette \u00ab maison de plaisance b\u00e2tie \u00e0 la moderne \u00bb selon les termes de Chastillon \u00e0 \u00e9t\u00e9 inaugur\u00e9e vers 1547.<\/p><p><br><\/p>\n<p><\/p>\n<p style=\"font-size: 14px;\">Saint Ange est aussi cit\u00e9 comme un des \u00ab plus excellents b\u00e2timents de France \u00bb par Jacques Androuet du Cerceau, qui en publie dessins et commentaires.<\/p><p style=\"font-size: 14px;\"><br><\/p>\n<p style=\"font-size: 14px;\">\n<\/p><p>Vous pouvez retrouver l&rsquo;histoire du ch\u00e2teau et de son domaine sur la page <a href=\"https:\/\/www.amisdesaintange.com\/?page_id=193\">Histoire de Saint Ange<\/a><\/p><p><br><\/p>\n<p>Vous pourrez aussi trouver gravures et tableaux du chateau et domaine dans notre <a href=\"https:\/\/www.amisdesaintange.com\/?page_id=163\">galerie<\/a><\/p>\n<p><\/p>\t\t\t\t\t\t\t\t<\/div>\n\t\t\t\t<\/div>\n\t\t\t\t<\/div>\n\t\t\t\t<\/div>\n\t\t","protected":false},"excerpt":{"rendered":"<p>Ediito du 13 f\u00e9vrier 2026 &nbsp; Tr\u00e8s chers amis de Saint Ange,&nbsp; &nbsp; Le site continue de faire peau neuve.&nbsp; Plusieurs articles ont \u00e9t\u00e9 r\u00e9cemment corrig\u00e9s apr\u00e8s avoir souffert de la transition d\u2019h\u00e9bergement. &nbsp; La page consacr\u00e9e \u00e0 la&nbsp;famille Caumartin&nbsp;a \u00e9t\u00e9 enti\u00e8rement reprise ;&nbsp;Elle sera prochainement compl\u00e9t\u00e9e par un article d\u00e9di\u00e9 \u00e0 leur c\u00e9l\u00e8bre biblioth\u00e8que [&hellip;]<\/p>\n","protected":false},"author":1,"featured_media":0,"parent":0,"menu_order":0,"comment_status":"closed","ping_status":"closed","template":"elementor_header_footer","meta":{"footnotes":""},"class_list":["post-143","page","type-page","status-publish","hentry"],"_links":{"self":[{"href":"https:\/\/www.amisdesaintange.com\/index.php?rest_route=\/wp\/v2\/pages\/143","targetHints":{"allow":["GET"]}}],"collection":[{"href":"https:\/\/www.amisdesaintange.com\/index.php?rest_route=\/wp\/v2\/pages"}],"about":[{"href":"https:\/\/www.amisdesaintange.com\/index.php?rest_route=\/wp\/v2\/types\/page"}],"author":[{"embeddable":true,"href":"https:\/\/www.amisdesaintange.com\/index.php?rest_route=\/wp\/v2\/users\/1"}],"replies":[{"embeddable":true,"href":"https:\/\/www.amisdesaintange.com\/index.php?rest_route=%2Fwp%2Fv2%2Fcomments&post=143"}],"version-history":[{"count":46,"href":"https:\/\/www.amisdesaintange.com\/index.php?rest_route=\/wp\/v2\/pages\/143\/revisions"}],"predecessor-version":[{"id":679,"href":"https:\/\/www.amisdesaintange.com\/index.php?rest_route=\/wp\/v2\/pages\/143\/revisions\/679"}],"wp:attachment":[{"href":"https:\/\/www.amisdesaintange.com\/index.php?rest_route=%2Fwp%2Fv2%2Fmedia&parent=143"}],"curies":[{"name":"wp","href":"https:\/\/api.w.org\/{rel}","templated":true}]}}